{"id":11,"date":"2023-10-11T14:21:22","date_gmt":"2023-10-11T12:21:22","guid":{"rendered":"http:\/\/88.136.157.51:8080\/?page_id=11"},"modified":"2023-10-11T14:50:06","modified_gmt":"2023-10-11T12:50:06","slug":"bienvenue-a-latelier-wordpress-de-patrice","status":"publish","type":"page","link":"http:\/\/88.136.157.51:8080\/index.php\/bienvenue-a-latelier-wordpress-de-patrice\/","title":{"rendered":"Bienvenue \u00e0 l&rsquo;atelier WordPress de Patrice"},"content":{"rendered":"\n<p>*WordPress* est un CMS, le plus utilis\u00e9 en France.<\/p>\n\n\n\n<ul class=\"has-cyan-bluish-gray-background-color has-background wp-block-list\">\n<li>Jacqueline<\/li>\n\n\n\n<li>Patrice<\/li>\n<\/ul>\n\n\n\n<p>Mes pages<\/p>\n\n\n\n<p><a href=\"http:\/\/88.136.157.51:8080\/index.php\/la-page-de-patrice\/\" data-type=\"page\" data-id=\"28\" target=\"_blank\" rel=\"noreferrer noopener\">Acc\u00e8s \u00e0 la page Patrice<\/a><\/p>\n","protected":false},"excerpt":{"rendered":"<p>*WordPress* est un CMS, le plus utilis\u00e9 en France. Mes pages Acc\u00e8s \u00e0 la page Patrice<\/p>\n","protected":false},"author":3,"featured_media":0,"parent":0,"menu_order":0,"comment_status":"closed","ping_status":"closed","template":"","meta":{"_bbp_topic_count":0,"_bbp_reply_count":0,"_bbp_total_topic_count":0,"_bbp_total_reply_count":0,"_bbp_voice_count":0,"_bbp_anonymous_reply_count":0,"_bbp_topic_count_hidden":0,"_bbp_reply_count_hidden":0,"_bbp_forum_subforum_count":0,"site-sidebar-layout":"default","site-content-layout":"","ast-site-content-layout":"","site-content-style":"default","site-sidebar-style":"default","ast-global-header-display":"","ast-banner-title-visibility":"","ast-main-header-display":"","ast-hfb-above-header-display":"","ast-hfb-below-header-display":"","ast-hfb-mobile-header-display":"","site-post-title":"","ast-breadcrumbs-content":"","ast-featured-img":"","footer-sml-layout":"","theme-transparent-header-meta":"","adv-header-id-meta":"","stick-header-meta":"","header-above-stick-meta":"","header-main-stick-meta":"","header-below-stick-meta":"","astra-migrate-meta-layouts":"default","ast-page-background-enabled":"default","ast-page-background-meta":{"desktop":{"background-color":"var(--ast-global-color-4)","background-image":"","background-repeat":"repeat","background-position":"center center","background-size":"auto","background-attachment":"scroll","background-type":"","background-media":"","overlay-type":"","overlay-color":"","overlay-opacity":"","overlay-gradient":""},"tablet":{"background-color":"","background-image":"","background-repeat":"repeat","background-position":"center center","background-size":"auto","background-attachment":"scroll","background-type":"","background-media":"","overlay-type":"","overlay-color":"","overlay-opacity":"","overlay-gradient":""},"mobile":{"background-color":"","background-image":"","background-repeat":"repeat","background-position":"center center","background-size":"auto","background-attachment":"scroll","background-type":"","background-media":"","overlay-type":"","overlay-color":"","overlay-opacity":"","overlay-gradient":""}},"ast-content-background-meta":{"desktop":{"background-color":"var(--ast-global-color-5)","background-image":"","background-repeat":"repeat","background-position":"center center","background-size":"auto","background-attachment":"scroll","background-type":"","background-media":"","overlay-type":"","overlay-color":"","overlay-opacity":"","overlay-gradient":""},"tablet":{"background-color":"var(--ast-global-color-5)","background-image":"","background-repeat":"repeat","background-position":"center center","background-size":"auto","background-attachment":"scroll","background-type":"","background-media":"","overlay-type":"","overlay-color":"","overlay-opacity":"","overlay-gradient":""},"mobile":{"background-color":"var(--ast-global-color-5)","background-image":"","background-repeat":"repeat","background-position":"center center","background-size":"auto","background-attachment":"scroll","background-type":"","background-media":"","overlay-type":"","overlay-color":"","overlay-opacity":"","overlay-gradient":""}},"footnotes":""},"class_list":["post-11","page","type-page","status-publish","hentry"],"_links":{"self":[{"href":"http:\/\/88.136.157.51:8080\/index.php\/wp-json\/wp\/v2\/pages\/11","targetHints":{"allow":["GET"]}}],"collection":[{"href":"http:\/\/88.136.157.51:8080\/index.php\/wp-json\/wp\/v2\/pages"}],"about":[{"href":"http:\/\/88.136.157.51:8080\/index.php\/wp-json\/wp\/v2\/types\/page"}],"author":[{"embeddable":true,"href":"http:\/\/88.136.157.51:8080\/index.php\/wp-json\/wp\/v2\/users\/3"}],"replies":[{"embeddable":true,"href":"http:\/\/88.136.157.51:8080\/index.php\/wp-json\/wp\/v2\/comments?post=11"}],"version-history":[{"count":5,"href":"http:\/\/88.136.157.51:8080\/index.php\/wp-json\/wp\/v2\/pages\/11\/revisions"}],"predecessor-version":[{"id":36,"href":"http:\/\/88.136.157.51:8080\/index.php\/wp-json\/wp\/v2\/pages\/11\/revisions\/36"}],"wp:attachment":[{"href":"http:\/\/88.136.157.51:8080\/index.php\/wp-json\/wp\/v2\/media?parent=11"}],"curies":[{"name":"wp","href":"https:\/\/api.w.org\/{rel}","templated":true}]}}