{"id":314,"date":"2023-11-24T15:03:09","date_gmt":"2023-11-24T14:03:09","guid":{"rendered":"http:\/\/88.136.157.51:8080\/?page_id=314"},"modified":"2025-04-24T14:29:32","modified_gmt":"2025-04-24T12:29:32","slug":"nos-tutoriels","status":"publish","type":"page","link":"http:\/\/88.136.157.51:8080\/index.php\/nos-tutoriels\/","title":{"rendered":"Nos tutoriels"},"content":{"rendered":"\n<figure class=\"wp-block-image aligncenter size-full\"><img loading=\"lazy\" decoding=\"async\" width=\"500\" height=\"354\" src=\"http:\/\/88.136.157.51:8080\/wp-content\/uploads\/2024\/12\/NV-Logo-MV-petit.jpeg\" alt=\"\" class=\"wp-image-992\" srcset=\"http:\/\/88.136.157.51:8080\/wp-content\/uploads\/2024\/12\/NV-Logo-MV-petit.jpeg 500w, http:\/\/88.136.157.51:8080\/wp-content\/uploads\/2024\/12\/NV-Logo-MV-petit-300x212.jpeg 300w\" sizes=\"auto, (max-width: 500px) 100vw, 500px\" \/><\/figure>\n\n\n\n<p class=\"has-medium-font-size\">Les tutoriels cr\u00e9\u00e9s pour venir en aide aux participants de l&rsquo;atelier WordPress de l&rsquo;association M\u00e9moire Vive.<\/p>\n\n\n\n<ul class=\"wp-block-list has-pale-ocean-gradient-background has-background\">\n<li><a href=\"http:\/\/88.136.157.51:8080\/wp-content\/uploads\/2025\/04\/Creer_une_page_ou_un_article_avec_WordPress.pdf\" data-type=\"attachment\" data-id=\"1056\" target=\"_blank\" rel=\"noreferrer noopener\">Cr\u00e9er une page ou un article<\/a><\/li>\n\n\n\n<li><a href=\"http:\/\/88.136.157.51:8080\/wp-content\/uploads\/2025\/04\/Gutenberg_l_editeur_de_WordPress-Utiliser_les_blocs.pdf\" data-type=\"link\" data-id=\"http:\/\/88.136.157.51:8080\/wp-content\/uploads\/2025\/04\/Gutenberg_l_editeur_de_WordPress-Utiliser_les_blocs.pdf\" target=\"_blank\" rel=\"noreferrer noopener\">Utiliser les blocs<\/a><\/li>\n\n\n\n<li><a href=\"http:\/\/88.136.157.51:8080\/wp-content\/uploads\/2023\/11\/Inserer_une_image_avec_WordPress.pdf\" data-type=\"link\" data-id=\"http:\/\/88.136.157.51:8080\/wp-content\/uploads\/2023\/11\/Inserer_une_image_avec_WordPress.pdf\" target=\"_blank\" rel=\"noreferrer noopener\">Ins\u00e9rer une image<\/a><\/li>\n\n\n\n<li><a href=\"http:\/\/88.136.157.51:8080\/index.php\/les-blocs-dans-wordpress\/\" data-type=\"page\" data-id=\"1058\" target=\"_blank\" rel=\"noreferrer noopener\">Les blocs dans WordPress<\/a><\/li>\n<\/ul>\n\n\n\n<p><\/p>\n","protected":false},"excerpt":{"rendered":"<p>Les tutoriels cr\u00e9\u00e9s pour venir en aide aux participants de l&rsquo;atelier WordPress de l&rsquo;association M\u00e9moire Vive.<\/p>\n","protected":false},"author":1,"featured_media":0,"parent":0,"menu_order":0,"comment_status":"closed","ping_status":"closed","template":"","meta":{"_bbp_topic_count":0,"_bbp_reply_count":0,"_bbp_total_topic_count":0,"_bbp_total_reply_count":0,"_bbp_voice_count":0,"_bbp_anonymous_reply_count":0,"_bbp_topic_count_hidden":0,"_bbp_reply_count_hidden":0,"_bbp_forum_subforum_count":0,"site-sidebar-layout":"default","site-content-layout":"","ast-site-content-layout":"","site-content-style":"default","site-sidebar-style":"default","ast-global-header-display":"","ast-banner-title-visibility":"","ast-main-header-display":"","ast-hfb-above-header-display":"","ast-hfb-below-header-display":"","ast-hfb-mobile-header-display":"","site-post-title":"","ast-breadcrumbs-content":"","ast-featured-img":"","footer-sml-layout":"","theme-transparent-header-meta":"","adv-header-id-meta":"","stick-header-meta":"","header-above-stick-meta":"","header-main-stick-meta":"","header-below-stick-meta":"","astra-migrate-meta-layouts":"default","ast-page-background-enabled":"default","ast-page-background-meta":{"desktop":{"background-color":"var(--ast-global-color-4)","background-image":"","background-repeat":"repeat","background-position":"center center","background-size":"auto","background-attachment":"scroll","background-type":"","background-media":"","overlay-type":"","overlay-color":"","overlay-opacity":"","overlay-gradient":""},"tablet":{"background-color":"","background-image":"","background-repeat":"repeat","background-position":"center center","background-size":"auto","background-attachment":"scroll","background-type":"","background-media":"","overlay-type":"","overlay-color":"","overlay-opacity":"","overlay-gradient":""},"mobile":{"background-color":"","background-image":"","background-repeat":"repeat","background-position":"center center","background-size":"auto","background-attachment":"scroll","background-type":"","background-media":"","overlay-type":"","overlay-color":"","overlay-opacity":"","overlay-gradient":""}},"ast-content-background-meta":{"desktop":{"background-color":"var(--ast-global-color-5)","background-image":"","background-repeat":"repeat","background-position":"center center","background-size":"auto","background-attachment":"scroll","background-type":"","background-media":"","overlay-type":"","overlay-color":"","overlay-opacity":"","overlay-gradient":""},"tablet":{"background-color":"var(--ast-global-color-5)","background-image":"","background-repeat":"repeat","background-position":"center center","background-size":"auto","background-attachment":"scroll","background-type":"","background-media":"","overlay-type":"","overlay-color":"","overlay-opacity":"","overlay-gradient":""},"mobile":{"background-color":"var(--ast-global-color-5)","background-image":"","background-repeat":"repeat","background-position":"center center","background-size":"auto","background-attachment":"scroll","background-type":"","background-media":"","overlay-type":"","overlay-color":"","overlay-opacity":"","overlay-gradient":""}},"footnotes":""},"class_list":["post-314","page","type-page","status-publish","hentry"],"_links":{"self":[{"href":"http:\/\/88.136.157.51:8080\/index.php\/wp-json\/wp\/v2\/pages\/314","targetHints":{"allow":["GET"]}}],"collection":[{"href":"http:\/\/88.136.157.51:8080\/index.php\/wp-json\/wp\/v2\/pages"}],"about":[{"href":"http:\/\/88.136.157.51:8080\/index.php\/wp-json\/wp\/v2\/types\/page"}],"author":[{"embeddable":true,"href":"http:\/\/88.136.157.51:8080\/index.php\/wp-json\/wp\/v2\/users\/1"}],"replies":[{"embeddable":true,"href":"http:\/\/88.136.157.51:8080\/index.php\/wp-json\/wp\/v2\/comments?post=314"}],"version-history":[{"count":10,"href":"http:\/\/88.136.157.51:8080\/index.php\/wp-json\/wp\/v2\/pages\/314\/revisions"}],"predecessor-version":[{"id":1071,"href":"http:\/\/88.136.157.51:8080\/index.php\/wp-json\/wp\/v2\/pages\/314\/revisions\/1071"}],"wp:attachment":[{"href":"http:\/\/88.136.157.51:8080\/index.php\/wp-json\/wp\/v2\/media?parent=314"}],"curies":[{"name":"wp","href":"https:\/\/api.w.org\/{rel}","templated":true}]}}