{"id":390,"date":"2023-12-19T10:45:23","date_gmt":"2023-12-19T09:45:23","guid":{"rendered":"http:\/\/88.136.157.51:8080\/?page_id=390"},"modified":"2023-12-20T18:27:42","modified_gmt":"2023-12-20T17:27:42","slug":"exemples-dimages-creees-par-lia","status":"publish","type":"page","link":"http:\/\/88.136.157.51:8080\/index.php\/exemples-dimages-creees-par-lia\/","title":{"rendered":"Exemples d&rsquo;images cr\u00e9\u00e9es par l&rsquo;IA"},"content":{"rendered":"\n<p>Bing Image Creator g\u00e9n\u00e8re des images gr\u00e2ce \u00e0 une intelligence artificielle. Microsoft utilise une technologie provenant d\u2019OpenAI.<\/p>\n\n\n\n<p><a href=\"https:\/\/www.bing.com\/images\/create\" target=\"_blank\" rel=\"noreferrer noopener\">https:\/\/www.bing.com\/images\/create<\/a><\/p>\n\n\n\n<p>Exemples d&rsquo;images cr\u00e9\u00e9es avec Bing Image Creator.<\/p>\n\n\n\n<p class=\"has-vivid-red-color has-text-color\"><em>Cr\u00e9er un logo avec le texte Artheodoc.fr avec les lettres dor\u00e9es et un circuit imprim\u00e9 stylis\u00e9. Image d\u2019un data center en arri\u00e8re plan. Photor\u00e9aliste<\/em><\/p>\n\n\n\n<figure class=\"wp-block-gallery has-nested-images columns-default is-cropped wp-block-gallery-1 is-layout-flex wp-block-gallery-is-layout-flex\">\n<figure class=\"wp-block-image size-large\"><img loading=\"lazy\" decoding=\"async\" width=\"1024\" height=\"1024\" data-id=\"391\" src=\"http:\/\/88.136.157.51:8080\/wp-content\/uploads\/2023\/12\/Artheodoc_AC.jpg\" alt=\"\" class=\"wp-image-391\" srcset=\"http:\/\/88.136.157.51:8080\/wp-content\/uploads\/2023\/12\/Artheodoc_AC.jpg 1024w, http:\/\/88.136.157.51:8080\/wp-content\/uploads\/2023\/12\/Artheodoc_AC-300x300.jpg 300w, http:\/\/88.136.157.51:8080\/wp-content\/uploads\/2023\/12\/Artheodoc_AC-150x150.jpg 150w, http:\/\/88.136.157.51:8080\/wp-content\/uploads\/2023\/12\/Artheodoc_AC-768x768.jpg 768w\" sizes=\"auto, (max-width: 1024px) 100vw, 1024px\" \/><\/figure>\n\n\n\n<figure class=\"wp-block-image size-large\"><img loading=\"lazy\" decoding=\"async\" width=\"1024\" height=\"1024\" data-id=\"393\" src=\"http:\/\/88.136.157.51:8080\/wp-content\/uploads\/2023\/12\/Artheodoc_FR.jpg\" alt=\"\" class=\"wp-image-393\" srcset=\"http:\/\/88.136.157.51:8080\/wp-content\/uploads\/2023\/12\/Artheodoc_FR.jpg 1024w, http:\/\/88.136.157.51:8080\/wp-content\/uploads\/2023\/12\/Artheodoc_FR-300x300.jpg 300w, http:\/\/88.136.157.51:8080\/wp-content\/uploads\/2023\/12\/Artheodoc_FR-150x150.jpg 150w, http:\/\/88.136.157.51:8080\/wp-content\/uploads\/2023\/12\/Artheodoc_FR-768x768.jpg 768w\" sizes=\"auto, (max-width: 1024px) 100vw, 1024px\" \/><\/figure>\n\n\n\n<figure class=\"wp-block-image size-large\"><img loading=\"lazy\" decoding=\"async\" width=\"1024\" height=\"1024\" data-id=\"392\" src=\"http:\/\/88.136.157.51:8080\/wp-content\/uploads\/2023\/12\/Artheodoc-AD.jpg\" alt=\"\" class=\"wp-image-392\" srcset=\"http:\/\/88.136.157.51:8080\/wp-content\/uploads\/2023\/12\/Artheodoc-AD.jpg 1024w, http:\/\/88.136.157.51:8080\/wp-content\/uploads\/2023\/12\/Artheodoc-AD-300x300.jpg 300w, http:\/\/88.136.157.51:8080\/wp-content\/uploads\/2023\/12\/Artheodoc-AD-150x150.jpg 150w, http:\/\/88.136.157.51:8080\/wp-content\/uploads\/2023\/12\/Artheodoc-AD-768x768.jpg 768w\" sizes=\"auto, (max-width: 1024px) 100vw, 1024px\" \/><\/figure>\n\n\n\n<figure class=\"wp-block-image size-large\"><img loading=\"lazy\" decoding=\"async\" width=\"1024\" height=\"1024\" data-id=\"394\" src=\"http:\/\/88.136.157.51:8080\/wp-content\/uploads\/2023\/12\/Arthheodoc.jpg\" alt=\"\" class=\"wp-image-394\" srcset=\"http:\/\/88.136.157.51:8080\/wp-content\/uploads\/2023\/12\/Arthheodoc.jpg 1024w, http:\/\/88.136.157.51:8080\/wp-content\/uploads\/2023\/12\/Arthheodoc-300x300.jpg 300w, http:\/\/88.136.157.51:8080\/wp-content\/uploads\/2023\/12\/Arthheodoc-150x150.jpg 150w, http:\/\/88.136.157.51:8080\/wp-content\/uploads\/2023\/12\/Arthheodoc-768x768.jpg 768w\" sizes=\"auto, (max-width: 1024px) 100vw, 1024px\" \/><\/figure>\n<\/figure>\n\n\n\n<hr class=\"wp-block-separator has-alpha-channel-opacity is-style-wide\"\/>\n\n\n\n<div class=\"wp-block-columns is-layout-flex wp-container-core-columns-is-layout-28f84493 wp-block-columns-is-layout-flex\">\n<div class=\"wp-block-column is-layout-flow wp-block-column-is-layout-flow\">\n<figure class=\"wp-block-image aligncenter size-full\"><img loading=\"lazy\" decoding=\"async\" width=\"1024\" height=\"1024\" src=\"http:\/\/88.136.157.51:8080\/wp-content\/uploads\/2023\/12\/Logo_MV_IA.jpg\" alt=\"\" class=\"wp-image-422\" srcset=\"http:\/\/88.136.157.51:8080\/wp-content\/uploads\/2023\/12\/Logo_MV_IA.jpg 1024w, http:\/\/88.136.157.51:8080\/wp-content\/uploads\/2023\/12\/Logo_MV_IA-300x300.jpg 300w, http:\/\/88.136.157.51:8080\/wp-content\/uploads\/2023\/12\/Logo_MV_IA-150x150.jpg 150w, http:\/\/88.136.157.51:8080\/wp-content\/uploads\/2023\/12\/Logo_MV_IA-768x768.jpg 768w\" sizes=\"auto, (max-width: 1024px) 100vw, 1024px\" \/><\/figure>\n<\/div>\n\n\n\n<div class=\"wp-block-column is-layout-flow wp-block-column-is-layout-flow\">\n<figure class=\"wp-block-image aligncenter size-full\"><img loading=\"lazy\" decoding=\"async\" width=\"1024\" height=\"1024\" src=\"http:\/\/88.136.157.51:8080\/wp-content\/uploads\/2023\/12\/MV-Bing-Gimp-Glossy.jpeg\" alt=\"\" class=\"wp-image-435\" srcset=\"http:\/\/88.136.157.51:8080\/wp-content\/uploads\/2023\/12\/MV-Bing-Gimp-Glossy.jpeg 1024w, http:\/\/88.136.157.51:8080\/wp-content\/uploads\/2023\/12\/MV-Bing-Gimp-Glossy-300x300.jpeg 300w, http:\/\/88.136.157.51:8080\/wp-content\/uploads\/2023\/12\/MV-Bing-Gimp-Glossy-150x150.jpeg 150w, http:\/\/88.136.157.51:8080\/wp-content\/uploads\/2023\/12\/MV-Bing-Gimp-Glossy-768x768.jpeg 768w\" sizes=\"auto, (max-width: 1024px) 100vw, 1024px\" \/><\/figure>\n<\/div>\n<\/div>\n\n\n\n<p class=\"has-vivid-red-color has-text-color\"><em>Logo avec les lettres MV dor\u00e9es arri\u00e8re plan avec des ordinateur photor\u00e9aliste<\/em><\/p>\n\n\n\n<p>Derni\u00e8re image avec le texte M\u00e9moire vive ajout\u00e9 avec l\u2019outil cr\u00e9er logos (Glossy) de Gimp.<\/p>\n\n\n\n<hr class=\"wp-block-separator has-alpha-channel-opacity is-style-wide\"\/>\n\n\n\n<p class=\"has-large-font-size\">Plus d\u2019informations<\/p>\n\n\n\n<p><a href=\"https:\/\/www.zdnet.fr\/pratique\/comment-utiliser-bing-image-creator-39957208.htm\" target=\"_blank\" rel=\"noreferrer noopener\">https:\/\/www.zdnet.fr\/pratique\/comment-utiliser-bing-image-creator-39957208.htm<\/a><\/p>\n","protected":false},"excerpt":{"rendered":"<p>Bing Image Creator g\u00e9n\u00e8re des images gr\u00e2ce \u00e0 une intelligence artificielle. Microsoft utilise une technologie provenant d\u2019OpenAI. https:\/\/www.bing.com\/images\/create Exemples d&rsquo;images cr\u00e9\u00e9es avec Bing Image Creator. Cr\u00e9er un logo avec le texte Artheodoc.fr avec les lettres dor\u00e9es et un circuit imprim\u00e9 stylis\u00e9. Image d\u2019un data center en arri\u00e8re plan. Photor\u00e9aliste Logo avec les lettres MV dor\u00e9es [&hellip;]<\/p>\n","protected":false},"author":1,"featured_media":0,"parent":0,"menu_order":0,"comment_status":"closed","ping_status":"closed","template":"","meta":{"_bbp_topic_count":0,"_bbp_reply_count":0,"_bbp_total_topic_count":0,"_bbp_total_reply_count":0,"_bbp_voice_count":0,"_bbp_anonymous_reply_count":0,"_bbp_topic_count_hidden":0,"_bbp_reply_count_hidden":0,"_bbp_forum_subforum_count":0,"site-sidebar-layout":"default","site-content-layout":"","ast-site-content-layout":"","site-content-style":"default","site-sidebar-style":"default","ast-global-header-display":"","ast-banner-title-visibility":"","ast-main-header-display":"","ast-hfb-above-header-display":"","ast-hfb-below-header-display":"","ast-hfb-mobile-header-display":"","site-post-title":"","ast-breadcrumbs-content":"","ast-featured-img":"","footer-sml-layout":"","theme-transparent-header-meta":"","adv-header-id-meta":"","stick-header-meta":"","header-above-stick-meta":"","header-main-stick-meta":"","header-below-stick-meta":"","astra-migrate-meta-layouts":"default","ast-page-background-enabled":"default","ast-page-background-meta":{"desktop":{"background-color":"var(--ast-global-color-4)","background-image":"","background-repeat":"repeat","background-position":"center center","background-size":"auto","background-attachment":"scroll","background-type":"","background-media":"","overlay-type":"","overlay-color":"","overlay-opacity":"","overlay-gradient":""},"tablet":{"background-color":"","background-image":"","background-repeat":"repeat","background-position":"center center","background-size":"auto","background-attachment":"scroll","background-type":"","background-media":"","overlay-type":"","overlay-color":"","overlay-opacity":"","overlay-gradient":""},"mobile":{"background-color":"","background-image":"","background-repeat":"repeat","background-position":"center center","background-size":"auto","background-attachment":"scroll","background-type":"","background-media":"","overlay-type":"","overlay-color":"","overlay-opacity":"","overlay-gradient":""}},"ast-content-background-meta":{"desktop":{"background-color":"var(--ast-global-color-5)","background-image":"","background-repeat":"repeat","background-position":"center center","background-size":"auto","background-attachment":"scroll","background-type":"","background-media":"","overlay-type":"","overlay-color":"","overlay-opacity":"","overlay-gradient":""},"tablet":{"background-color":"var(--ast-global-color-5)","background-image":"","background-repeat":"repeat","background-position":"center center","background-size":"auto","background-attachment":"scroll","background-type":"","background-media":"","overlay-type":"","overlay-color":"","overlay-opacity":"","overlay-gradient":""},"mobile":{"background-color":"var(--ast-global-color-5)","background-image":"","background-repeat":"repeat","background-position":"center center","background-size":"auto","background-attachment":"scroll","background-type":"","background-media":"","overlay-type":"","overlay-color":"","overlay-opacity":"","overlay-gradient":""}},"footnotes":""},"class_list":["post-390","page","type-page","status-publish","hentry"],"_links":{"self":[{"href":"http:\/\/88.136.157.51:8080\/index.php\/wp-json\/wp\/v2\/pages\/390","targetHints":{"allow":["GET"]}}],"collection":[{"href":"http:\/\/88.136.157.51:8080\/index.php\/wp-json\/wp\/v2\/pages"}],"about":[{"href":"http:\/\/88.136.157.51:8080\/index.php\/wp-json\/wp\/v2\/types\/page"}],"author":[{"embeddable":true,"href":"http:\/\/88.136.157.51:8080\/index.php\/wp-json\/wp\/v2\/users\/1"}],"replies":[{"embeddable":true,"href":"http:\/\/88.136.157.51:8080\/index.php\/wp-json\/wp\/v2\/comments?post=390"}],"version-history":[{"count":6,"href":"http:\/\/88.136.157.51:8080\/index.php\/wp-json\/wp\/v2\/pages\/390\/revisions"}],"predecessor-version":[{"id":436,"href":"http:\/\/88.136.157.51:8080\/index.php\/wp-json\/wp\/v2\/pages\/390\/revisions\/436"}],"wp:attachment":[{"href":"http:\/\/88.136.157.51:8080\/index.php\/wp-json\/wp\/v2\/media?parent=390"}],"curies":[{"name":"wp","href":"https:\/\/api.w.org\/{rel}","templated":true}]}}