{"id":55,"date":"2023-10-14T16:32:52","date_gmt":"2023-10-14T14:32:52","guid":{"rendered":"http:\/\/88.136.157.51:8080\/?page_id=55"},"modified":"2025-04-24T09:09:51","modified_gmt":"2025-04-24T07:09:51","slug":"page-de-dominique","status":"publish","type":"page","link":"http:\/\/88.136.157.51:8080\/index.php\/page-de-dominique\/","title":{"rendered":"Page de Dominique"},"content":{"rendered":"\n<div class=\"wp-block-cover is-light\"><img loading=\"lazy\" decoding=\"async\" width=\"1000\" height=\"288\" class=\"wp-block-cover__image-background wp-image-486\" alt=\"\" src=\"http:\/\/88.136.157.51:8080\/wp-content\/uploads\/2024\/01\/entete1.jpg\" data-object-fit=\"cover\" srcset=\"http:\/\/88.136.157.51:8080\/wp-content\/uploads\/2024\/01\/entete1.jpg 1000w, http:\/\/88.136.157.51:8080\/wp-content\/uploads\/2024\/01\/entete1-300x86.jpg 300w, http:\/\/88.136.157.51:8080\/wp-content\/uploads\/2024\/01\/entete1-768x221.jpg 768w\" sizes=\"auto, (max-width: 1000px) 100vw, 1000px\" \/><span aria-hidden=\"true\" class=\"wp-block-cover__background has-background-dim-10 has-background-dim\"><\/span><div class=\"wp-block-cover__inner-container is-layout-constrained wp-block-cover-is-layout-constrained\">\n<p class=\"has-text-align-center has-large-font-size\">Ceci est une banni\u00e8re avec un texte<\/p>\n<\/div><\/div>\n\n\n\n<p><a href=\"http:\/\/88.136.157.51:8080\/index.php\/page-de-dominique\/\" data-type=\"page\" data-id=\"55\" target=\"_blank\" rel=\"noreferrer noopener\">Page de Dominique<\/a><\/p>\n\n\n\n<p><\/p>\n\n\n\n<p class=\"has-pale-ocean-gradient-background has-background\">Voici un paragraphe avec un fond d\u00e9grad\u00e9.<\/p>\n\n\n\n<figure class=\"wp-block-video aligncenter\"><video height=\"720\" style=\"aspect-ratio: 1280 \/ 720;\" width=\"1280\" autoplay controls poster=\"http:\/\/88.136.157.51:8080\/wp-content\/uploads\/2023\/11\/Video_Corel.png\" src=\"http:\/\/88.136.157.51:8080\/wp-content\/uploads\/2023\/11\/Memoire-Vlve-complet.mp4\" playsinline><\/video><\/figure>\n\n\n\n<div class=\"wp-block-media-text is-stacked-on-mobile is-vertically-aligned-center\"><figure class=\"wp-block-media-text__media\"><video controls src=\"http:\/\/88.136.157.51:8080\/wp-content\/uploads\/2023\/11\/Memoire-Vlve-complet.mp4\"><\/video><\/figure><div class=\"wp-block-media-text__content\">\n<p>M\u00e9dia &amp; texte<\/p>\n<\/div><\/div>\n\n\n\n<p class=\"has-text-align-center\">Exemples d&rsquo;utilisations des blocs.<\/p>\n\n\n\n<p>Ceci est un paragraphe.<\/p>\n\n\n\n<h2 class=\"wp-block-heading\">Ceci est un titre<\/h2>\n\n\n\n<ul class=\"wp-block-list\">\n<li>Voici<\/li>\n\n\n\n<li>une <\/li>\n\n\n\n<li>liste<\/li>\n<\/ul>\n\n\n\n<pre class=\"wp-block-preformatted\">Pr\u00e9format\u00e9\n<\/pre>\n\n\n\n<figure class=\"wp-block-table is-style-regular\"><table class=\"has-vivid-red-color has-light-green-cyan-background-color has-text-color has-background has-fixed-layout\" style=\"border-width:1px\"><thead><tr><th class=\"has-text-align-center\" data-align=\"center\"><\/th><th class=\"has-text-align-center\" data-align=\"center\"><\/th><th class=\"has-text-align-center\" data-align=\"center\"><\/th><\/tr><\/thead><tbody><tr><td class=\"has-text-align-center\" data-align=\"center\"><\/td><td class=\"has-text-align-center\" data-align=\"center\"><\/td><td class=\"has-text-align-center\" data-align=\"center\"><\/td><\/tr><tr><td class=\"has-text-align-center\" data-align=\"center\">Un exemple<\/td><td class=\"has-text-align-center\" data-align=\"center\">De tableau<\/td><td class=\"has-text-align-center\" data-align=\"center\"><\/td><\/tr><tr><td class=\"has-text-align-center\" data-align=\"center\"><\/td><td class=\"has-text-align-center\" data-align=\"center\"><\/td><td class=\"has-text-align-center\" data-align=\"center\"><\/td><\/tr><\/tbody><tfoot><tr><td class=\"has-text-align-center\" data-align=\"center\"><\/td><td class=\"has-text-align-center\" data-align=\"center\"><\/td><td class=\"has-text-align-center\" data-align=\"center\"><\/td><\/tr><\/tfoot><\/table><figcaption class=\"wp-element-caption\">La l\u00e9gende du tableau<\/figcaption><\/figure>\n\n\n\n<p><\/p>\n\n\n\n<figure class=\"wp-block-gallery has-nested-images columns-default is-cropped wp-block-gallery-1 is-layout-flex wp-block-gallery-is-layout-flex\">\n<figure class=\"wp-block-image size-large is-style-rounded\"><img loading=\"lazy\" decoding=\"async\" width=\"150\" height=\"150\" data-id=\"65\" src=\"http:\/\/88.136.157.51:8080\/wp-content\/uploads\/2023\/10\/WordPress_blue_logo.svg_.png\" alt=\"\" class=\"wp-image-65\"\/><\/figure>\n\n\n\n<figure class=\"wp-block-image size-large\"><img loading=\"lazy\" decoding=\"async\" width=\"1024\" height=\"640\" data-id=\"68\" src=\"http:\/\/88.136.157.51:8080\/wp-content\/uploads\/2023\/10\/php-1024x640.png\" alt=\"\" class=\"wp-image-68\" srcset=\"http:\/\/88.136.157.51:8080\/wp-content\/uploads\/2023\/10\/php-1024x640.png 1024w, http:\/\/88.136.157.51:8080\/wp-content\/uploads\/2023\/10\/php-300x188.png 300w, http:\/\/88.136.157.51:8080\/wp-content\/uploads\/2023\/10\/php-768x480.png 768w, http:\/\/88.136.157.51:8080\/wp-content\/uploads\/2023\/10\/php.png 1280w\" sizes=\"auto, (max-width: 1024px) 100vw, 1024px\" \/><\/figure>\n\n\n\n<figure class=\"wp-block-image size-large\"><img loading=\"lazy\" decoding=\"async\" width=\"256\" height=\"232\" data-id=\"66\" src=\"http:\/\/88.136.157.51:8080\/wp-content\/uploads\/2023\/10\/MariaDB.png\" alt=\"\" class=\"wp-image-66\"\/><\/figure>\n\n\n\n<figure class=\"wp-block-image size-large\"><img loading=\"lazy\" decoding=\"async\" width=\"256\" height=\"256\" data-id=\"70\" src=\"http:\/\/88.136.157.51:8080\/wp-content\/uploads\/2023\/10\/Apache.png\" alt=\"\" class=\"wp-image-70\" srcset=\"http:\/\/88.136.157.51:8080\/wp-content\/uploads\/2023\/10\/Apache.png 256w, http:\/\/88.136.157.51:8080\/wp-content\/uploads\/2023\/10\/Apache-150x150.png 150w\" sizes=\"auto, (max-width: 256px) 100vw, 256px\" \/><\/figure>\n<\/figure>\n\n\n\n<p><em>Exemple de galerie<\/em><\/p>\n\n\n\n<p class=\"has-text-align-center\">Vid\u00e9o<\/p>\n\n\n\n<figure class=\"wp-block-video\"><video height=\"720\" style=\"aspect-ratio: 1280 \/ 720;\" width=\"1280\" controls src=\"http:\/\/88.136.157.51:8080\/wp-content\/uploads\/2023\/10\/Generique.mp4\"><\/video><\/figure>\n\n\n\n<hr class=\"wp-block-separator has-alpha-channel-opacity is-style-wide\"\/>\n\n\n\n<div class=\"wp-block-columns is-layout-flex wp-container-core-columns-is-layout-28f84493 wp-block-columns-is-layout-flex\">\n<div class=\"wp-block-column is-layout-flow wp-block-column-is-layout-flow\">\n<p class=\"has-cyan-bluish-gray-background-color has-background\">Bonjour, ceci est un paragraphe dans une colonne.<\/p>\n\n\n\n<hr class=\"wp-block-separator has-alpha-channel-opacity is-style-wide\"\/>\n\n\n\n<figure class=\"wp-block-image size-full\"><img loading=\"lazy\" decoding=\"async\" width=\"150\" height=\"178\" src=\"http:\/\/88.136.157.51:8080\/wp-content\/uploads\/2023\/11\/Tux.jpeg\" alt=\"\" class=\"wp-image-271\"\/><\/figure>\n<\/div>\n\n\n\n<div class=\"wp-block-column is-layout-flow wp-block-column-is-layout-flow\">\n<p>Vous voullez d\u00e9couvrir Linux ou ChatGPT ?<\/p>\n\n\n\n<hr class=\"wp-block-separator has-alpha-channel-opacity is-style-wide\"\/>\n\n\n\n<figure class=\"wp-block-image size-full\"><img loading=\"lazy\" decoding=\"async\" width=\"130\" height=\"130\" src=\"http:\/\/88.136.157.51:8080\/wp-content\/uploads\/2023\/11\/ChatGPT.png\" alt=\"\" class=\"wp-image-272\"\/><\/figure>\n<\/div>\n\n\n\n<div class=\"wp-block-column is-layout-flow wp-block-column-is-layout-flow\">\n<p>Ou bien Home Assistant ?<\/p>\n\n\n\n<hr class=\"wp-block-separator has-alpha-channel-opacity is-style-wide\"\/>\n\n\n\n<figure class=\"wp-block-image size-full\"><img loading=\"lazy\" decoding=\"async\" width=\"125\" height=\"125\" src=\"http:\/\/88.136.157.51:8080\/wp-content\/uploads\/2023\/11\/Home_Assistant_Logo.png\" alt=\"\" class=\"wp-image-273\"\/><\/figure>\n\n\n\n<hr class=\"wp-block-separator has-alpha-channel-opacity is-style-wide\"\/>\n\n\n\n<p class=\"has-light-green-cyan-background-color has-background\">Venez d\u00e9couvrir l&rsquo;association M\u00e9moire Vive !<\/p>\n<\/div>\n<\/div>\n\n\n\n<hr class=\"wp-block-separator has-alpha-channel-opacity is-style-wide\"\/>\n\n\n\n<p class=\"has-large-font-size\"><strong>Mes articles<\/strong><\/p>\n\n\n\n<div class=\"wp-block-buttons is-layout-flex wp-block-buttons-is-layout-flex\">\n<div class=\"wp-block-button\"><a class=\"wp-block-button__link wp-element-button\" href=\"http:\/\/88.136.157.51:8080\/index.php\/2023\/10\/15\/pour-augmenter-le-poid-des-medias-pouvant-etre-utilises\/\" target=\"_blank\" rel=\"noreferrer noopener\">Pour augmenter le poid des m\u00e9dias pouvant \u00eatre utilis\u00e9s<\/a><\/div>\n\n\n\n<div class=\"wp-block-button\"><a class=\"wp-block-button__link wp-element-button\" href=\"http:\/\/88.136.157.51:8080\/index.php\/2024\/01\/15\/detourer-une-image\/\" target=\"_blank\" rel=\"noreferrer noopener\">D\u00e9tourer une image<\/a><\/div>\n<\/div>\n\n\n\n<p>Exemples de boutons<\/p>\n\n\n\n<div class=\"wp-block-group has-background is-layout-constrained wp-container-core-group-is-layout-4897f5cc wp-block-group-is-layout-constrained\" style=\"background:linear-gradient(135deg,rgb(244,227,180) 0%,rgb(237,185,147) 100%);margin-top:0;margin-bottom:0;padding-top:0;padding-bottom:0\">\n<p class=\"has-electric-grass-gradient-background has-background\">Ceci est mon texte<\/p>\n\n\n\n<div class=\"wp-block-columns is-layout-flex wp-container-core-columns-is-layout-28f84493 wp-block-columns-is-layout-flex\">\n<div class=\"wp-block-column is-layout-flow wp-block-column-is-layout-flow\">\n<figure class=\"wp-block-image aligncenter size-full\"><img loading=\"lazy\" decoding=\"async\" width=\"200\" height=\"200\" src=\"http:\/\/88.136.157.51:8080\/wp-content\/uploads\/2024\/02\/Atelier_Linux-200x200-removebg.png\" alt=\"\" class=\"wp-image-519\" srcset=\"http:\/\/88.136.157.51:8080\/wp-content\/uploads\/2024\/02\/Atelier_Linux-200x200-removebg.png 200w, http:\/\/88.136.157.51:8080\/wp-content\/uploads\/2024\/02\/Atelier_Linux-200x200-removebg-150x150.png 150w\" sizes=\"auto, (max-width: 200px) 100vw, 200px\" \/><\/figure>\n<\/div>\n\n\n\n<div class=\"wp-block-column is-layout-flow wp-block-column-is-layout-flow\">\n<p class=\"has-pale-cyan-blue-background-color has-background\">Voil\u00e0 le texte<\/p>\n\n\n\n<p>Une autre ligne<\/p>\n<\/div>\n\n\n\n<div class=\"wp-block-column is-layout-flow wp-block-column-is-layout-flow\">\n<figure class=\"wp-block-image aligncenter size-full\"><img loading=\"lazy\" decoding=\"async\" width=\"200\" height=\"200\" src=\"http:\/\/88.136.157.51:8080\/wp-content\/uploads\/2024\/02\/Atelier-Apple-200x200-1.jpg\" alt=\"\" class=\"wp-image-520\" srcset=\"http:\/\/88.136.157.51:8080\/wp-content\/uploads\/2024\/02\/Atelier-Apple-200x200-1.jpg 200w, http:\/\/88.136.157.51:8080\/wp-content\/uploads\/2024\/02\/Atelier-Apple-200x200-1-150x150.jpg 150w\" sizes=\"auto, (max-width: 200px) 100vw, 200px\" \/><\/figure>\n<\/div>\n<\/div>\n\n\n\n<p>Bonjour<\/p>\n<\/div>\n\n\n\n<!--nextpage-->\n\n\n\n<p>Apr\u00e8s le saut de page<\/p>\n\n\n\n<!--nextpage-->\n\n\n\n<p>Apr\u00e8s le second saut page<\/p>\n","protected":false},"excerpt":{"rendered":"<p>Page de Dominique Voici un paragraphe avec un fond d\u00e9grad\u00e9. M\u00e9dia &amp; texte Exemples d&rsquo;utilisations des blocs. Ceci est un paragraphe. Ceci est un titre Pr\u00e9format\u00e9 Un exemple De tableau La l\u00e9gende du tableau Exemple de galerie Vid\u00e9o Bonjour, ceci est un paragraphe dans une colonne. Vous voullez d\u00e9couvrir Linux ou ChatGPT ? Ou bien [&hellip;]<\/p>\n","protected":false},"author":1,"featured_media":0,"parent":0,"menu_order":0,"comment_status":"closed","ping_status":"closed","template":"","meta":{"_bbp_topic_count":0,"_bbp_reply_count":0,"_bbp_total_topic_count":0,"_bbp_total_reply_count":0,"_bbp_voice_count":0,"_bbp_anonymous_reply_count":0,"_bbp_topic_count_hidden":0,"_bbp_reply_count_hidden":0,"_bbp_forum_subforum_count":0,"site-sidebar-layout":"default","site-content-layout":"","ast-site-content-layout":"","site-content-style":"default","site-sidebar-style":"default","ast-global-header-display":"","ast-banner-title-visibility":"","ast-main-header-display":"","ast-hfb-above-header-display":"","ast-hfb-below-header-display":"","ast-hfb-mobile-header-display":"","site-post-title":"","ast-breadcrumbs-content":"","ast-featured-img":"","footer-sml-layout":"","theme-transparent-header-meta":"","adv-header-id-meta":"","stick-header-meta":"","header-above-stick-meta":"","header-main-stick-meta":"","header-below-stick-meta":"","astra-migrate-meta-layouts":"default","ast-page-background-enabled":"default","ast-page-background-meta":{"desktop":{"background-color":"var(--ast-global-color-4)","background-image":"","background-repeat":"repeat","background-position":"center center","background-size":"auto","background-attachment":"scroll","background-type":"","background-media":"","overlay-type":"","overlay-color":"","overlay-opacity":"","overlay-gradient":""},"tablet":{"background-color":"","background-image":"","background-repeat":"repeat","background-position":"center center","background-size":"auto","background-attachment":"scroll","background-type":"","background-media":"","overlay-type":"","overlay-color":"","overlay-opacity":"","overlay-gradient":""},"mobile":{"background-color":"","background-image":"","background-repeat":"repeat","background-position":"center center","background-size":"auto","background-attachment":"scroll","background-type":"","background-media":"","overlay-type":"","overlay-color":"","overlay-opacity":"","overlay-gradient":""}},"ast-content-background-meta":{"desktop":{"background-color":"var(--ast-global-color-5)","background-image":"","background-repeat":"repeat","background-position":"center center","background-size":"auto","background-attachment":"scroll","background-type":"","background-media":"","overlay-type":"","overlay-color":"","overlay-opacity":"","overlay-gradient":""},"tablet":{"background-color":"var(--ast-global-color-5)","background-image":"","background-repeat":"repeat","background-position":"center center","background-size":"auto","background-attachment":"scroll","background-type":"","background-media":"","overlay-type":"","overlay-color":"","overlay-opacity":"","overlay-gradient":""},"mobile":{"background-color":"var(--ast-global-color-5)","background-image":"","background-repeat":"repeat","background-position":"center center","background-size":"auto","background-attachment":"scroll","background-type":"","background-media":"","overlay-type":"","overlay-color":"","overlay-opacity":"","overlay-gradient":""}},"footnotes":""},"class_list":["post-55","page","type-page","status-publish","hentry"],"_links":{"self":[{"href":"http:\/\/88.136.157.51:8080\/index.php\/wp-json\/wp\/v2\/pages\/55","targetHints":{"allow":["GET"]}}],"collection":[{"href":"http:\/\/88.136.157.51:8080\/index.php\/wp-json\/wp\/v2\/pages"}],"about":[{"href":"http:\/\/88.136.157.51:8080\/index.php\/wp-json\/wp\/v2\/types\/page"}],"author":[{"embeddable":true,"href":"http:\/\/88.136.157.51:8080\/index.php\/wp-json\/wp\/v2\/users\/1"}],"replies":[{"embeddable":true,"href":"http:\/\/88.136.157.51:8080\/index.php\/wp-json\/wp\/v2\/comments?post=55"}],"version-history":[{"count":34,"href":"http:\/\/88.136.157.51:8080\/index.php\/wp-json\/wp\/v2\/pages\/55\/revisions"}],"predecessor-version":[{"id":1055,"href":"http:\/\/88.136.157.51:8080\/index.php\/wp-json\/wp\/v2\/pages\/55\/revisions\/1055"}],"wp:attachment":[{"href":"http:\/\/88.136.157.51:8080\/index.php\/wp-json\/wp\/v2\/media?parent=55"}],"curies":[{"name":"wp","href":"https:\/\/api.w.org\/{rel}","templated":true}]}}