{"id":614,"date":"2024-03-19T20:20:35","date_gmt":"2024-03-19T19:20:35","guid":{"rendered":"http:\/\/88.136.157.51:8080\/?page_id=614"},"modified":"2024-03-20T14:48:15","modified_gmt":"2024-03-20T13:48:15","slug":"ama-association-mecaniques-anciennes","status":"publish","type":"page","link":"http:\/\/88.136.157.51:8080\/index.php\/ama-association-mecaniques-anciennes\/","title":{"rendered":"AMA  Association M\u00e9caniques Anciennes"},"content":{"rendered":"\n<figure class=\"wp-block-image alignwide size-full\"><img loading=\"lazy\" decoding=\"async\" width=\"648\" height=\"486\" src=\"http:\/\/88.136.157.51:8080\/wp-content\/uploads\/2023\/11\/A-100_0652.jpg\" alt=\"\" class=\"wp-image-300\" srcset=\"http:\/\/88.136.157.51:8080\/wp-content\/uploads\/2023\/11\/A-100_0652.jpg 648w, http:\/\/88.136.157.51:8080\/wp-content\/uploads\/2023\/11\/A-100_0652-300x225.jpg 300w\" sizes=\"auto, (max-width: 648px) 100vw, 648px\" \/><figcaption class=\"wp-element-caption\">AMA <\/figcaption><\/figure>\n\n\n\n<div class=\"wp-block-columns is-layout-flex wp-container-core-columns-is-layout-28f84493 wp-block-columns-is-layout-flex\">\n<div class=\"wp-block-column is-layout-flow wp-block-column-is-layout-flow\" style=\"flex-basis:66.66%\">\n<figure class=\"wp-block-image aligncenter size-large is-resized\"><img loading=\"lazy\" decoding=\"async\" src=\"http:\/\/88.136.157.51:8080\/wp-content\/uploads\/2024\/03\/B-DSC05489_InPixio-Copier-1024x313.png\" alt=\"\" class=\"wp-image-615\" style=\"width:454px;height:139px\" width=\"454\" height=\"139\" srcset=\"http:\/\/88.136.157.51:8080\/wp-content\/uploads\/2024\/03\/B-DSC05489_InPixio-Copier-1024x313.png 1024w, http:\/\/88.136.157.51:8080\/wp-content\/uploads\/2024\/03\/B-DSC05489_InPixio-Copier-300x92.png 300w, http:\/\/88.136.157.51:8080\/wp-content\/uploads\/2024\/03\/B-DSC05489_InPixio-Copier-768x235.png 768w, http:\/\/88.136.157.51:8080\/wp-content\/uploads\/2024\/03\/B-DSC05489_InPixio-Copier-1536x469.png 1536w, http:\/\/88.136.157.51:8080\/wp-content\/uploads\/2024\/03\/B-DSC05489_InPixio-Copier.png 1600w\" sizes=\"auto, (max-width: 454px) 100vw, 454px\" \/><\/figure>\n\n\n\n<figure class=\"wp-block-image aligncenter size-large is-resized\"><img loading=\"lazy\" decoding=\"async\" src=\"http:\/\/88.136.157.51:8080\/wp-content\/uploads\/2024\/03\/A-P1010010-Copier-1024x768.jpg\" alt=\"\" class=\"wp-image-619\" style=\"width:284px;height:213px\" width=\"284\" height=\"213\" srcset=\"http:\/\/88.136.157.51:8080\/wp-content\/uploads\/2024\/03\/A-P1010010-Copier-1024x768.jpg 1024w, http:\/\/88.136.157.51:8080\/wp-content\/uploads\/2024\/03\/A-P1010010-Copier-300x225.jpg 300w, http:\/\/88.136.157.51:8080\/wp-content\/uploads\/2024\/03\/A-P1010010-Copier-768x576.jpg 768w, http:\/\/88.136.157.51:8080\/wp-content\/uploads\/2024\/03\/A-P1010010-Copier.jpg 1200w\" sizes=\"auto, (max-width: 284px) 100vw, 284px\" \/><\/figure>\n<\/div>\n\n\n\n<div class=\"wp-block-column is-layout-flow wp-block-column-is-layout-flow\" style=\"flex-basis:33.33%\">\n<figure class=\"wp-block-gallery has-nested-images columns-default is-cropped wp-block-gallery-1 is-layout-flex wp-block-gallery-is-layout-flex\">\n<figure class=\"wp-block-image size-large\"><img loading=\"lazy\" decoding=\"async\" width=\"529\" height=\"397\" data-id=\"346\" src=\"http:\/\/88.136.157.51:8080\/wp-content\/uploads\/2023\/12\/A-DSCN9098.jpg\" alt=\"\" class=\"wp-image-346\" srcset=\"http:\/\/88.136.157.51:8080\/wp-content\/uploads\/2023\/12\/A-DSCN9098.jpg 529w, http:\/\/88.136.157.51:8080\/wp-content\/uploads\/2023\/12\/A-DSCN9098-300x225.jpg 300w\" sizes=\"auto, (max-width: 529px) 100vw, 529px\" \/><\/figure>\n\n\n\n<figure class=\"wp-block-image size-large\"><img loading=\"lazy\" decoding=\"async\" width=\"543\" height=\"407\" data-id=\"304\" src=\"http:\/\/88.136.157.51:8080\/wp-content\/uploads\/2023\/11\/A-DSCN9211c.jpg\" alt=\"\" class=\"wp-image-304\" srcset=\"http:\/\/88.136.157.51:8080\/wp-content\/uploads\/2023\/11\/A-DSCN9211c.jpg 543w, http:\/\/88.136.157.51:8080\/wp-content\/uploads\/2023\/11\/A-DSCN9211c-300x225.jpg 300w\" sizes=\"auto, (max-width: 543px) 100vw, 543px\" \/><\/figure>\n\n\n\n<figure class=\"wp-block-image size-large\"><img loading=\"lazy\" decoding=\"async\" width=\"717\" height=\"538\" data-id=\"260\" src=\"http:\/\/88.136.157.51:8080\/wp-content\/uploads\/2023\/11\/1-A-P1000742-1.jpg\" alt=\"\" class=\"wp-image-260\" srcset=\"http:\/\/88.136.157.51:8080\/wp-content\/uploads\/2023\/11\/1-A-P1000742-1.jpg 717w, http:\/\/88.136.157.51:8080\/wp-content\/uploads\/2023\/11\/1-A-P1000742-1-300x225.jpg 300w\" sizes=\"auto, (max-width: 717px) 100vw, 717px\" \/><\/figure>\n\n\n\n<figure class=\"wp-block-image size-large\"><img loading=\"lazy\" decoding=\"async\" width=\"692\" height=\"519\" data-id=\"259\" src=\"http:\/\/88.136.157.51:8080\/wp-content\/uploads\/2023\/11\/1-DSCN9028-c.jpg\" alt=\"\" class=\"wp-image-259\" srcset=\"http:\/\/88.136.157.51:8080\/wp-content\/uploads\/2023\/11\/1-DSCN9028-c.jpg 692w, http:\/\/88.136.157.51:8080\/wp-content\/uploads\/2023\/11\/1-DSCN9028-c-300x225.jpg 300w\" sizes=\"auto, (max-width: 692px) 100vw, 692px\" \/><\/figure>\n<\/figure>\n<\/div>\n<\/div>\n\n\n\n<p class=\"has-text-align-center has-text-color has-medium-font-size\" style=\"color:#264e8c\">   <strong>  cr\u00e9e sous la loi de 1901  <\/strong>                      <strong> Si\u00e8ge \u00e0 Niort<\/strong>  (adresse)           <strong> Pr\u00e9sident <\/strong>(nom Pr\u00e9nom)<\/p>\n\n\n\n<p class=\"has-text-align-center has-large-font-size\"><strong>Rubriques<\/strong><\/p>\n\n\n\n<div class=\"wp-block-columns has-background is-layout-flex wp-container-core-columns-is-layout-28f84493 wp-block-columns-is-layout-flex\" style=\"background:linear-gradient(135deg,rgb(237,237,237) 0%,rgb(100,154,194) 100%)\">\n<div class=\"wp-block-column is-layout-flow wp-block-column-is-layout-flow\" style=\"flex-basis:66.66%\">\n<p><a rel=\"noreferrer noopener\" href=\"http:\/\/88.136.157.51:8080\/index.php\/b1-historique-de-lassociation-avec-support-photos-souvenirs\/\" data-type=\"page\" data-id=\"623\" target=\"_blank\">Historique de l&rsquo;association avec support photos <\/a><a href=\"http:\/\/88.136.157.51:8080\/index.php\/b1-historique-de-lassociation-avec-support-photos-souvenirs\/\" data-type=\"page\" data-id=\"623\">souvenirs<\/a><\/p>\n\n\n\n<p><a rel=\"noreferrer noopener\" href=\"http:\/\/88.136.157.51:8080\/index.php\/b2-assemblee-generale-2024-11-18\/\" data-type=\"page\" data-id=\"625\" target=\"_blank\">Assembl\u00e9e g\u00e9n\u00e9rale 2024 11 18<\/a><\/p>\n\n\n\n<p><a href=\"http:\/\/88.136.157.51:8080\/index.php\/b3-calendrier-2024-des-sorties\/\" data-type=\"page\" data-id=\"627\" target=\"_blank\" rel=\"noreferrer noopener\">Calendrier 2024 des sorties<\/a><\/p>\n\n\n\n<p><a rel=\"noreferrer noopener\" href=\"http:\/\/88.136.157.51:8080\/index.php\/b4-retrospective-2023-des-sorties\/\" data-type=\"page\" data-id=\"629\" target=\"_blank\">R\u00e9trospective  des sorties<\/a><\/p>\n<\/div>\n\n\n\n<div class=\"wp-block-column is-layout-flow wp-block-column-is-layout-flow\" style=\"flex-basis:33.33%\"><\/div>\n<\/div>\n","protected":false},"excerpt":{"rendered":"<p>cr\u00e9e sous la loi de 1901 Si\u00e8ge \u00e0 Niort (adresse) Pr\u00e9sident (nom Pr\u00e9nom) Rubriques Historique de l&rsquo;association avec support photos souvenirs Assembl\u00e9e g\u00e9n\u00e9rale 2024 11 18 Calendrier 2024 des sorties R\u00e9trospective des sorties<\/p>\n","protected":false},"author":4,"featured_media":0,"parent":0,"menu_order":0,"comment_status":"closed","ping_status":"closed","template":"","meta":{"_bbp_topic_count":0,"_bbp_reply_count":0,"_bbp_total_topic_count":0,"_bbp_total_reply_count":0,"_bbp_voice_count":0,"_bbp_anonymous_reply_count":0,"_bbp_topic_count_hidden":0,"_bbp_reply_count_hidden":0,"_bbp_forum_subforum_count":0,"site-sidebar-layout":"default","site-content-layout":"","ast-site-content-layout":"","site-content-style":"default","site-sidebar-style":"default","ast-global-header-display":"","ast-banner-title-visibility":"","ast-main-header-display":"","ast-hfb-above-header-display":"","ast-hfb-below-header-display":"","ast-hfb-mobile-header-display":"","site-post-title":"","ast-breadcrumbs-content":"","ast-featured-img":"","footer-sml-layout":"","theme-transparent-header-meta":"","adv-header-id-meta":"","stick-header-meta":"","header-above-stick-meta":"","header-main-stick-meta":"","header-below-stick-meta":"","astra-migrate-meta-layouts":"default","ast-page-background-enabled":"default","ast-page-background-meta":{"desktop":{"background-color":"var(--ast-global-color-4)","background-image":"","background-repeat":"repeat","background-position":"center center","background-size":"auto","background-attachment":"scroll","background-type":"","background-media":"","overlay-type":"","overlay-color":"","overlay-opacity":"","overlay-gradient":""},"tablet":{"background-color":"","background-image":"","background-repeat":"repeat","background-position":"center center","background-size":"auto","background-attachment":"scroll","background-type":"","background-media":"","overlay-type":"","overlay-color":"","overlay-opacity":"","overlay-gradient":""},"mobile":{"background-color":"","background-image":"","background-repeat":"repeat","background-position":"center center","background-size":"auto","background-attachment":"scroll","background-type":"","background-media":"","overlay-type":"","overlay-color":"","overlay-opacity":"","overlay-gradient":""}},"ast-content-background-meta":{"desktop":{"background-color":"var(--ast-global-color-5)","background-image":"","background-repeat":"repeat","background-position":"center center","background-size":"auto","background-attachment":"scroll","background-type":"","background-media":"","overlay-type":"","overlay-color":"","overlay-opacity":"","overlay-gradient":""},"tablet":{"background-color":"var(--ast-global-color-5)","background-image":"","background-repeat":"repeat","background-position":"center center","background-size":"auto","background-attachment":"scroll","background-type":"","background-media":"","overlay-type":"","overlay-color":"","overlay-opacity":"","overlay-gradient":""},"mobile":{"background-color":"var(--ast-global-color-5)","background-image":"","background-repeat":"repeat","background-position":"center center","background-size":"auto","background-attachment":"scroll","background-type":"","background-media":"","overlay-type":"","overlay-color":"","overlay-opacity":"","overlay-gradient":""}},"footnotes":""},"class_list":["post-614","page","type-page","status-publish","hentry"],"_links":{"self":[{"href":"http:\/\/88.136.157.51:8080\/index.php\/wp-json\/wp\/v2\/pages\/614","targetHints":{"allow":["GET"]}}],"collection":[{"href":"http:\/\/88.136.157.51:8080\/index.php\/wp-json\/wp\/v2\/pages"}],"about":[{"href":"http:\/\/88.136.157.51:8080\/index.php\/wp-json\/wp\/v2\/types\/page"}],"author":[{"embeddable":true,"href":"http:\/\/88.136.157.51:8080\/index.php\/wp-json\/wp\/v2\/users\/4"}],"replies":[{"embeddable":true,"href":"http:\/\/88.136.157.51:8080\/index.php\/wp-json\/wp\/v2\/comments?post=614"}],"version-history":[{"count":11,"href":"http:\/\/88.136.157.51:8080\/index.php\/wp-json\/wp\/v2\/pages\/614\/revisions"}],"predecessor-version":[{"id":666,"href":"http:\/\/88.136.157.51:8080\/index.php\/wp-json\/wp\/v2\/pages\/614\/revisions\/666"}],"wp:attachment":[{"href":"http:\/\/88.136.157.51:8080\/index.php\/wp-json\/wp\/v2\/media?parent=614"}],"curies":[{"name":"wp","href":"https:\/\/api.w.org\/{rel}","templated":true}]}}