{"id":625,"date":"2024-03-19T20:45:02","date_gmt":"2024-03-19T19:45:02","guid":{"rendered":"http:\/\/88.136.157.51:8080\/?page_id=625"},"modified":"2024-03-20T14:19:01","modified_gmt":"2024-03-20T13:19:01","slug":"b2-assemblee-generale-2024-11-18","status":"publish","type":"page","link":"http:\/\/88.136.157.51:8080\/index.php\/b2-assemblee-generale-2024-11-18\/","title":{"rendered":"Assembl\u00e9e g\u00e9n\u00e9rale 2024 11 18"},"content":{"rendered":"\n<figure class=\"wp-block-image aligncenter size-full is-resized\"><img loading=\"lazy\" decoding=\"async\" src=\"http:\/\/88.136.157.51:8080\/wp-content\/uploads\/2024\/02\/vs240206-001.bmp\" alt=\"\" class=\"wp-image-511\" style=\"width:695px;height:391px\" width=\"695\" height=\"391\"\/><\/figure>\n\n\n\n<figure class=\"wp-block-gallery has-nested-images columns-default is-cropped wp-block-gallery-1 is-layout-flex wp-block-gallery-is-layout-flex\">\n<figure class=\"wp-block-image size-large\"><img loading=\"lazy\" decoding=\"async\" width=\"648\" height=\"486\" data-id=\"353\" src=\"http:\/\/88.136.157.51:8080\/wp-content\/uploads\/2023\/12\/P1000990.jpg\" alt=\"\" class=\"wp-image-353\" srcset=\"http:\/\/88.136.157.51:8080\/wp-content\/uploads\/2023\/12\/P1000990.jpg 648w, http:\/\/88.136.157.51:8080\/wp-content\/uploads\/2023\/12\/P1000990-300x225.jpg 300w\" sizes=\"auto, (max-width: 648px) 100vw, 648px\" \/><\/figure>\n\n\n\n<figure class=\"wp-block-image size-large\"><img loading=\"lazy\" decoding=\"async\" width=\"648\" height=\"486\" data-id=\"352\" src=\"http:\/\/88.136.157.51:8080\/wp-content\/uploads\/2023\/12\/P1000993.jpg\" alt=\"\" class=\"wp-image-352\" srcset=\"http:\/\/88.136.157.51:8080\/wp-content\/uploads\/2023\/12\/P1000993.jpg 648w, http:\/\/88.136.157.51:8080\/wp-content\/uploads\/2023\/12\/P1000993-300x225.jpg 300w\" sizes=\"auto, (max-width: 648px) 100vw, 648px\" \/><\/figure>\n\n\n\n<figure class=\"wp-block-image size-large\"><img loading=\"lazy\" decoding=\"async\" width=\"600\" height=\"450\" data-id=\"451\" src=\"http:\/\/88.136.157.51:8080\/wp-content\/uploads\/2024\/01\/A-P1000991.jpg\" alt=\"\" class=\"wp-image-451\" srcset=\"http:\/\/88.136.157.51:8080\/wp-content\/uploads\/2024\/01\/A-P1000991.jpg 600w, http:\/\/88.136.157.51:8080\/wp-content\/uploads\/2024\/01\/A-P1000991-300x225.jpg 300w\" sizes=\"auto, (max-width: 600px) 100vw, 600px\" \/><\/figure>\n\n\n\n<figure class=\"wp-block-image size-large\"><img loading=\"lazy\" decoding=\"async\" width=\"600\" height=\"450\" data-id=\"453\" src=\"http:\/\/88.136.157.51:8080\/wp-content\/uploads\/2024\/01\/A-P1010035.jpg\" alt=\"\" class=\"wp-image-453\" srcset=\"http:\/\/88.136.157.51:8080\/wp-content\/uploads\/2024\/01\/A-P1010035.jpg 600w, http:\/\/88.136.157.51:8080\/wp-content\/uploads\/2024\/01\/A-P1010035-300x225.jpg 300w\" sizes=\"auto, (max-width: 600px) 100vw, 600px\" \/><\/figure>\n\n\n\n<figure class=\"wp-block-image size-large\"><img loading=\"lazy\" decoding=\"async\" width=\"600\" height=\"526\" data-id=\"455\" src=\"http:\/\/88.136.157.51:8080\/wp-content\/uploads\/2024\/01\/A-P1010056.jpg\" alt=\"\" class=\"wp-image-455\" srcset=\"http:\/\/88.136.157.51:8080\/wp-content\/uploads\/2024\/01\/A-P1010056.jpg 600w, http:\/\/88.136.157.51:8080\/wp-content\/uploads\/2024\/01\/A-P1010056-300x263.jpg 300w\" sizes=\"auto, (max-width: 600px) 100vw, 600px\" \/><\/figure>\n\n\n\n<figure class=\"wp-block-image size-large\"><img loading=\"lazy\" decoding=\"async\" width=\"600\" height=\"449\" data-id=\"454\" src=\"http:\/\/88.136.157.51:8080\/wp-content\/uploads\/2024\/01\/A-P1010048.jpg\" alt=\"\" class=\"wp-image-454\" srcset=\"http:\/\/88.136.157.51:8080\/wp-content\/uploads\/2024\/01\/A-P1010048.jpg 600w, http:\/\/88.136.157.51:8080\/wp-content\/uploads\/2024\/01\/A-P1010048-300x225.jpg 300w\" sizes=\"auto, (max-width: 600px) 100vw, 600px\" \/><\/figure>\n<\/figure>\n","protected":false},"excerpt":{"rendered":"","protected":false},"author":4,"featured_media":0,"parent":0,"menu_order":0,"comment_status":"closed","ping_status":"closed","template":"","meta":{"_bbp_topic_count":0,"_bbp_reply_count":0,"_bbp_total_topic_count":0,"_bbp_total_reply_count":0,"_bbp_voice_count":0,"_bbp_anonymous_reply_count":0,"_bbp_topic_count_hidden":0,"_bbp_reply_count_hidden":0,"_bbp_forum_subforum_count":0,"site-sidebar-layout":"default","site-content-layout":"","ast-site-content-layout":"","site-content-style":"default","site-sidebar-style":"default","ast-global-header-display":"","ast-banner-title-visibility":"","ast-main-header-display":"","ast-hfb-above-header-display":"","ast-hfb-below-header-display":"","ast-hfb-mobile-header-display":"","site-post-title":"","ast-breadcrumbs-content":"","ast-featured-img":"","footer-sml-layout":"","theme-transparent-header-meta":"","adv-header-id-meta":"","stick-header-meta":"","header-above-stick-meta":"","header-main-stick-meta":"","header-below-stick-meta":"","astra-migrate-meta-layouts":"default","ast-page-background-enabled":"default","ast-page-background-meta":{"desktop":{"background-color":"var(--ast-global-color-4)","background-image":"","background-repeat":"repeat","background-position":"center center","background-size":"auto","background-attachment":"scroll","background-type":"","background-media":"","overlay-type":"","overlay-color":"","overlay-opacity":"","overlay-gradient":""},"tablet":{"background-color":"","background-image":"","background-repeat":"repeat","background-position":"center center","background-size":"auto","background-attachment":"scroll","background-type":"","background-media":"","overlay-type":"","overlay-color":"","overlay-opacity":"","overlay-gradient":""},"mobile":{"background-color":"","background-image":"","background-repeat":"repeat","background-position":"center center","background-size":"auto","background-attachment":"scroll","background-type":"","background-media":"","overlay-type":"","overlay-color":"","overlay-opacity":"","overlay-gradient":""}},"ast-content-background-meta":{"desktop":{"background-color":"var(--ast-global-color-5)","background-image":"","background-repeat":"repeat","background-position":"center center","background-size":"auto","background-attachment":"scroll","background-type":"","background-media":"","overlay-type":"","overlay-color":"","overlay-opacity":"","overlay-gradient":""},"tablet":{"background-color":"var(--ast-global-color-5)","background-image":"","background-repeat":"repeat","background-position":"center center","background-size":"auto","background-attachment":"scroll","background-type":"","background-media":"","overlay-type":"","overlay-color":"","overlay-opacity":"","overlay-gradient":""},"mobile":{"background-color":"var(--ast-global-color-5)","background-image":"","background-repeat":"repeat","background-position":"center center","background-size":"auto","background-attachment":"scroll","background-type":"","background-media":"","overlay-type":"","overlay-color":"","overlay-opacity":"","overlay-gradient":""}},"footnotes":""},"class_list":["post-625","page","type-page","status-publish","hentry"],"_links":{"self":[{"href":"http:\/\/88.136.157.51:8080\/index.php\/wp-json\/wp\/v2\/pages\/625","targetHints":{"allow":["GET"]}}],"collection":[{"href":"http:\/\/88.136.157.51:8080\/index.php\/wp-json\/wp\/v2\/pages"}],"about":[{"href":"http:\/\/88.136.157.51:8080\/index.php\/wp-json\/wp\/v2\/types\/page"}],"author":[{"embeddable":true,"href":"http:\/\/88.136.157.51:8080\/index.php\/wp-json\/wp\/v2\/users\/4"}],"replies":[{"embeddable":true,"href":"http:\/\/88.136.157.51:8080\/index.php\/wp-json\/wp\/v2\/comments?post=625"}],"version-history":[{"count":3,"href":"http:\/\/88.136.157.51:8080\/index.php\/wp-json\/wp\/v2\/pages\/625\/revisions"}],"predecessor-version":[{"id":656,"href":"http:\/\/88.136.157.51:8080\/index.php\/wp-json\/wp\/v2\/pages\/625\/revisions\/656"}],"wp:attachment":[{"href":"http:\/\/88.136.157.51:8080\/index.php\/wp-json\/wp\/v2\/media?parent=625"}],"curies":[{"name":"wp","href":"https:\/\/api.w.org\/{rel}","templated":true}]}}