{"id":668,"date":"2024-04-07T09:48:13","date_gmt":"2024-04-07T07:48:13","guid":{"rendered":"http:\/\/88.136.157.51:8080\/?page_id=668"},"modified":"2024-12-15T09:20:57","modified_gmt":"2024-12-15T08:20:57","slug":"faq-foire-aux-questions","status":"publish","type":"page","link":"http:\/\/88.136.157.51:8080\/index.php\/faq-foire-aux-questions\/","title":{"rendered":"FAQ &#8211; Foire aux questions"},"content":{"rendered":"\n<p>Nous utilisons ici l\u2019extension (plugin) <strong>Arconix FAQ<\/strong>. Les blocs Code court avec les <strong>Shortcodes<\/strong> qui sont coll\u00e9s dans la page.<\/p>\n\n\n<div id=\"faq-1001\" class=\"arconix-faq-wrap\"><div id=\"faq-quoisertlesiteartheodocfr\" class=\"arconix-faq-title faq-closed\">\u00c0 quoi sert le site artheodoc.fr<\/div><div class=\"arconix-faq-content faq-closed\">Le site artheodoc.fr est un site consacr\u00e9 aux syst\u00e8mes (principalement Linux) et aux r\u00e9seaux informatiques.<\/div><\/div>\n\n\n<div id=\"faq-778\" class=\"arconix-faq-wrap\"><div id=\"faq-QuelestlebutdelassociationniortaiseMmoireVive\" class=\"arconix-faq-title faq-closed\">Quel est le but de l\u2019association niortaise M\u00e9moire Vive\u00a0?<\/div><div class=\"arconix-faq-content faq-closed\"><blockquote><p>Fond\u00e9e en f\u00e9vrier 1998, M\u00e9moire Vive est une association \u00e0 but non lucratif de type loi 1901 install\u00e9e \u00e0 la Maison des Associations \u00e0 Niort.<\/p>\n<p>Un espace ouvert \u00e0 tous, est d\u00e9di\u00e9 \u00e0 la d\u00e9couverte et \u00e0 l\u2019apprentissage de l\u2019informatique, du multim\u00e9dia, des technologies de l\u2019information et de la communication web.<\/p>\n<p>M\u00e9moire Vive, gr\u00e2ce \u00e0 ses animateurs b\u00e9n\u00e9voles qui se relaient sans cesse pour partager leur savoir, vous propose divers ateliers du lundi au vendredi.<\/p><\/blockquote>\n<p>&nbsp;<\/p>\n<h5><strong>Les objectifs :<\/strong><\/h5>\n<ul>\n<li><span style=\"color: #000000;\">D<\/span><span style=\"color: #000000;\">onner les bases informatiques <\/span><span style=\"color: #000000;\">(bureautique, internet, photo, vid\u00e9o, s\u00e9curit\u00e9, etc )<\/span><\/li>\n<li><span style=\"color: #000000;\">F<\/span><span style=\"color: #000000;\">avoriser le partage des connaissances, l\u2019entraide.<\/span><\/li>\n<li><span style=\"color: #000000;\">C<\/span><span style=\"color: #000000;\">r\u00e9er un lien d\u2019amiti\u00e9 entre les adh\u00e9rents.<\/span><\/li>\n<li><span style=\"color: #000000;\">M<\/span><span style=\"color: #000000;\">ettre en valeur les qualit\u00e9s et les connaissances de chacun.<\/span><\/li>\n<li><span style=\"color: #000000;\">D<\/span><span style=\"color: #000000;\">\u00e9velopper le savoir de tous sur la pratique de l\u2019informatique.<\/span><\/li>\n<\/ul>\n<\/div><\/div>\n\n\n<div id=\"faq-686\" class=\"arconix-faq-wrap\"><div id=\"faq-QuesqueWordPress\" class=\"arconix-faq-title faq-closed\">Quesque WordPress ?<\/div><div class=\"arconix-faq-content faq-closed\"><blockquote><p>WordPress est un CMS, un gestionnaire de contenu, il permet de g\u00e9rer facilement son site WEB, c&rsquo;est le plus utilis\u00e9.<\/p><\/blockquote>\n<\/div><\/div>\n\n\n<div id=\"faq-676\" class=\"arconix-faq-wrap\"><div id=\"faq-LrsquoatelierWordPress\" class=\"arconix-faq-title faq-closed\">L&rsquo;atelier WordPress<\/div><div class=\"arconix-faq-content faq-closed\"><blockquote><p>Le but de cet atelier r\u00e9serv\u00e9 aux adh\u00e9rents de M\u00e9moire Vive est de se former \u00e0 l&rsquo;utilisation de WordPress. Il a lieu en pr\u00e9sentiel le mercredi apr\u00e8s-midi quand cela est n\u00e9cessaire mais il peut aussi avoir lieu en distanciel le site \u00e9tant accessible aux inscrits.<\/p><\/blockquote>\n<\/div><\/div>\n\n\n<div id=\"faq-680\" class=\"arconix-faq-wrap\"><div id=\"faq-DesquestionssurleShellLinux\" class=\"arconix-faq-title faq-closed\">Des questions sur le Shell Linux ?<\/div><div class=\"arconix-faq-content faq-closed\"><p>Vous pouvez trouver des informtions sur le Shell Linux sur mon site Artheodoc.fr :<\/p>\n<blockquote class=\"wp-embedded-content\" data-secret=\"neHgkG83fa\"><p><a href=\"https:\/\/artheodoc.fr\/index.php\/commandes-shell-linux\/\">Commandes Shell Linux<\/a><\/p><\/blockquote>\n<p><iframe loading=\"lazy\" class=\"wp-embedded-content\" sandbox=\"allow-scripts\" security=\"restricted\" style=\"position: absolute; visibility: hidden;\" title=\"\u00ab\u00a0Commandes Shell Linux\u00a0\u00bb &#8212; Artheodoc.fr\" src=\"https:\/\/artheodoc.fr\/index.php\/commandes-shell-linux\/embed\/#?secret=KcbZtAXvDO#?secret=neHgkG83fa\" data-secret=\"neHgkG83fa\" width=\"500\" height=\"282\" frameborder=\"0\" marginwidth=\"0\" marginheight=\"0\" scrolling=\"no\"><\/iframe><\/p>\n<\/div><\/div>\n\n\n<div id=\"faq-697\" class=\"arconix-faq-wrap\"><div id=\"faq-CommentinstallerWordPresssurmamachine\" class=\"arconix-faq-title faq-closed\">Comment installer WordPress sur ma machine\u00a0?<\/div><div class=\"arconix-faq-content faq-closed\"><p>Mes ancien anciens tutoriels \u00ab Installation de WordPress dans une machine virtuelle sous Debian 10 \u00bb devraient vous donner une id\u00e9e de la proc\u00e9dure d\u2019installation de WordPress sur votre propre machine.<\/p>\n<p><a href=\"https:\/\/artheodoc.wordpress.com\/2021\/07\/30\/installation-de-wordpress-dans-une-machine-virtuelle-sous-debian-10\/\" target=\"_blank\" rel=\"noopener\">https:\/\/artheodoc.wordpress.com\/2021\/07\/30\/installation-de-wordpress-dans-une-machine-virtuelle-sous-debian-10\/<\/a><\/p>\n<\/div><\/div>\n\n\n\n<hr class=\"wp-block-separator has-alpha-channel-opacity is-style-wide\"\/>\n\n\n\n<p class=\"has-large-font-size\">Voir l\u2019article&nbsp;:<\/p>\n\n\n\n<p><a rel=\"noreferrer noopener\" href=\"http:\/\/88.136.157.51:8080\/index.php\/2024\/04\/10\/creation-de-la-faq-foire-aux-questions\/\" data-type=\"post\" data-id=\"773\" target=\"_blank\">Cr\u00e9ation de la FAQ \u2013 Foire aux questions<\/a><\/p>\n","protected":false},"excerpt":{"rendered":"<p>Nous utilisons ici l\u2019extension (plugin) Arconix FAQ. Les blocs Code court avec les Shortcodes qui sont coll\u00e9s dans la page. Voir l\u2019article&nbsp;: Cr\u00e9ation de la FAQ \u2013 Foire aux questions<\/p>\n","protected":false},"author":1,"featured_media":0,"parent":0,"menu_order":0,"comment_status":"closed","ping_status":"closed","template":"","meta":{"_bbp_topic_count":0,"_bbp_reply_count":0,"_bbp_total_topic_count":0,"_bbp_total_reply_count":0,"_bbp_voice_count":0,"_bbp_anonymous_reply_count":0,"_bbp_topic_count_hidden":0,"_bbp_reply_count_hidden":0,"_bbp_forum_subforum_count":0,"site-sidebar-layout":"default","site-content-layout":"","ast-site-content-layout":"","site-content-style":"default","site-sidebar-style":"default","ast-global-header-display":"","ast-banner-title-visibility":"","ast-main-header-display":"","ast-hfb-above-header-display":"","ast-hfb-below-header-display":"","ast-hfb-mobile-header-display":"","site-post-title":"","ast-breadcrumbs-content":"","ast-featured-img":"","footer-sml-layout":"","theme-transparent-header-meta":"","adv-header-id-meta":"","stick-header-meta":"","header-above-stick-meta":"","header-main-stick-meta":"","header-below-stick-meta":"","astra-migrate-meta-layouts":"default","ast-page-background-enabled":"default","ast-page-background-meta":{"desktop":{"background-color":"var(--ast-global-color-4)","background-image":"","background-repeat":"repeat","background-position":"center center","background-size":"auto","background-attachment":"scroll","background-type":"","background-media":"","overlay-type":"","overlay-color":"","overlay-opacity":"","overlay-gradient":""},"tablet":{"background-color":"","background-image":"","background-repeat":"repeat","background-position":"center center","background-size":"auto","background-attachment":"scroll","background-type":"","background-media":"","overlay-type":"","overlay-color":"","overlay-opacity":"","overlay-gradient":""},"mobile":{"background-color":"","background-image":"","background-repeat":"repeat","background-position":"center center","background-size":"auto","background-attachment":"scroll","background-type":"","background-media":"","overlay-type":"","overlay-color":"","overlay-opacity":"","overlay-gradient":""}},"ast-content-background-meta":{"desktop":{"background-color":"var(--ast-global-color-5)","background-image":"","background-repeat":"repeat","background-position":"center center","background-size":"auto","background-attachment":"scroll","background-type":"","background-media":"","overlay-type":"","overlay-color":"","overlay-opacity":"","overlay-gradient":""},"tablet":{"background-color":"var(--ast-global-color-5)","background-image":"","background-repeat":"repeat","background-position":"center center","background-size":"auto","background-attachment":"scroll","background-type":"","background-media":"","overlay-type":"","overlay-color":"","overlay-opacity":"","overlay-gradient":""},"mobile":{"background-color":"var(--ast-global-color-5)","background-image":"","background-repeat":"repeat","background-position":"center center","background-size":"auto","background-attachment":"scroll","background-type":"","background-media":"","overlay-type":"","overlay-color":"","overlay-opacity":"","overlay-gradient":""}},"footnotes":""},"class_list":["post-668","page","type-page","status-publish","hentry"],"_links":{"self":[{"href":"http:\/\/88.136.157.51:8080\/index.php\/wp-json\/wp\/v2\/pages\/668","targetHints":{"allow":["GET"]}}],"collection":[{"href":"http:\/\/88.136.157.51:8080\/index.php\/wp-json\/wp\/v2\/pages"}],"about":[{"href":"http:\/\/88.136.157.51:8080\/index.php\/wp-json\/wp\/v2\/types\/page"}],"author":[{"embeddable":true,"href":"http:\/\/88.136.157.51:8080\/index.php\/wp-json\/wp\/v2\/users\/1"}],"replies":[{"embeddable":true,"href":"http:\/\/88.136.157.51:8080\/index.php\/wp-json\/wp\/v2\/comments?post=668"}],"version-history":[{"count":12,"href":"http:\/\/88.136.157.51:8080\/index.php\/wp-json\/wp\/v2\/pages\/668\/revisions"}],"predecessor-version":[{"id":1004,"href":"http:\/\/88.136.157.51:8080\/index.php\/wp-json\/wp\/v2\/pages\/668\/revisions\/1004"}],"wp:attachment":[{"href":"http:\/\/88.136.157.51:8080\/index.php\/wp-json\/wp\/v2\/media?parent=668"}],"curies":[{"name":"wp","href":"https:\/\/api.w.org\/{rel}","templated":true}]}}