{"id":848,"date":"2024-04-17T16:58:21","date_gmt":"2024-04-17T14:58:21","guid":{"rendered":"http:\/\/88.136.157.51:8080\/?page_id=848"},"modified":"2024-04-23T10:58:34","modified_gmt":"2024-04-23T08:58:34","slug":"gimp","status":"publish","type":"page","link":"http:\/\/88.136.157.51:8080\/index.php\/gimp\/","title":{"rendered":"Gimp"},"content":{"rendered":"\n<p class=\"has-large-font-size\">Nos articles concernant Gimp<\/p>\n\n\n\n<p>Le logiciel GIMP, acronyme de <strong>GNU Image Manipulation Program<\/strong>, est un \u00e9diteur d\u2019images <strong>libre et gratuit<\/strong>. Il est souvent consid\u00e9r\u00e9 comme une alternative \u00e0 Adobe Photoshop en raison de ses nombreuses fonctionnalit\u00e9s similaires. Gimp est disponible pour les syst\u00e8mes d\u2019exploitation <strong>GNU\/Linux, macOS et Windows<\/strong>.<\/p>\n\n\n\n<div class=\"wp-block-columns has-background is-layout-flex wp-container-core-columns-is-layout-28f84493 wp-block-columns-is-layout-flex\" style=\"background-color:#f9ecd3\">\n<div class=\"wp-block-column is-layout-flow wp-block-column-is-layout-flow\" style=\"flex-basis:66.66%\">\n<h3 class=\"wp-block-heading\"><strong>Pour installer Alpha vers Logos dans Gimp 2.10<\/strong><\/h3>\n\n\n\n<figure class=\"wp-block-image aligncenter size-full\"><img loading=\"lazy\" decoding=\"async\" width=\"429\" height=\"76\" src=\"http:\/\/88.136.157.51:8080\/wp-content\/uploads\/2024\/04\/exemple-alpha-vers-logo.png\" alt=\"\" class=\"wp-image-857\" srcset=\"http:\/\/88.136.157.51:8080\/wp-content\/uploads\/2024\/04\/exemple-alpha-vers-logo.png 429w, http:\/\/88.136.157.51:8080\/wp-content\/uploads\/2024\/04\/exemple-alpha-vers-logo-300x53.png 300w\" sizes=\"auto, (max-width: 429px) 100vw, 429px\" \/><\/figure>\n\n\n\n<div style=\"height:10px\" aria-hidden=\"true\" class=\"wp-block-spacer\"><\/div>\n\n\n\n<p class=\"has-pale-ocean-gradient-background has-background\">Dans Gimp 2.10, la fonction \u00ab Alpha to Logo \u00bb a \u00e9t\u00e9 supprim\u00e9e. On peut n\u00e9anmoins t\u00e9l\u00e9charger ces scripts et les ajouter \u00e0 l\u2019application.<\/p>\n\n\n\n<p><a rel=\"noreferrer noopener\" href=\"http:\/\/88.136.157.51:8080\/index.php\/2024\/04\/18\/installer-alpha-vers-logo-dans-gimp-2-10-sous-windows\/\" data-type=\"post\" data-id=\"856\" target=\"_blank\">Installer Alpha vers Logo dans Gimp 2.10 sous&nbsp;Windows<\/a><\/p>\n\n\n\n<p><a href=\"http:\/\/88.136.157.51:8080\/index.php\/2024\/04\/18\/installer-alpha-vers-logo-dans-gimp-2-10-sous-debian-10\/\" data-type=\"post\" data-id=\"868\" target=\"_blank\" rel=\"noreferrer noopener\">Installer Alpha vers Logo dans Gimp 2.10 sous Debian&nbsp;10<\/a><\/p>\n\n\n\n<p><strong>Sous Linux Mint<\/strong><\/p>\n\n\n\n<p>Pour r\u00e9aliser l\u2019installation sous Linux Mint 21 la proc\u00e9dure est la m\u00eame que sous Debian. On peut lancer l\u2019explorateur de fichiers en administrateur avec la commande :<\/p>\n\n\n\n<pre class=\"wp-block-preformatted\"><strong>sudo nemo<\/strong><\/pre>\n<\/div>\n\n\n\n<div class=\"wp-block-column is-layout-flow wp-block-column-is-layout-flow\" style=\"flex-basis:33.33%\">\n<figure class=\"wp-block-image aligncenter size-full\"><img loading=\"lazy\" decoding=\"async\" width=\"200\" height=\"200\" src=\"http:\/\/88.136.157.51:8080\/wp-content\/uploads\/2024\/04\/gimp-page-2.gif\" alt=\"\" class=\"wp-image-880\"\/><\/figure>\n\n\n\n<h3 class=\"wp-block-heading\">Pour cr\u00e9er des gifs anim\u00e9s <\/h3>\n\n\n\n<p><a rel=\"noreferrer noopener\" href=\"http:\/\/88.136.157.51:8080\/index.php\/2024\/04\/16\/creer-des-gifs-animes-avec-gimp\/\" data-type=\"post\" data-id=\"836\" target=\"_blank\">Cr\u00e9er des gifs anim\u00e9s avec Gimp<\/a><\/p>\n\n\n\n<h3 class=\"wp-block-heading\">Pour fusionner les calques<\/h3>\n\n\n\n<p><a rel=\"noreferrer noopener\" href=\"http:\/\/88.136.157.51:8080\/index.php\/2024\/04\/17\/fusionner-les-calques-avec-gimp\/\" data-type=\"post\" data-id=\"845\" target=\"_blank\">Fusionner les calques avec Gimp<\/a><\/p>\n\n\n\n<figure class=\"wp-block-image aligncenter size-full\"><img loading=\"lazy\" decoding=\"async\" width=\"200\" height=\"200\" src=\"http:\/\/88.136.157.51:8080\/wp-content\/uploads\/2024\/04\/gimp.png\" alt=\"\" class=\"wp-image-865\" srcset=\"http:\/\/88.136.157.51:8080\/wp-content\/uploads\/2024\/04\/gimp.png 200w, http:\/\/88.136.157.51:8080\/wp-content\/uploads\/2024\/04\/gimp-150x150.png 150w\" sizes=\"auto, (max-width: 200px) 100vw, 200px\" \/><\/figure>\n<\/div>\n<\/div>\n\n\n\n<div style=\"height:40px\" aria-hidden=\"true\" class=\"wp-block-spacer\"><\/div>\n\n\n\n<p class=\"has-large-font-size\">Vid\u00e9o &#8211; Cr\u00e9ation d&rsquo;un gif anim\u00e9 avec Gimp<\/p>\n\n\n\n<figure class=\"wp-block-video\"><video height=\"720\" style=\"aspect-ratio: 1280 \/ 720;\" width=\"1280\" controls src=\"http:\/\/88.136.157.51:8080\/wp-content\/uploads\/2024\/04\/Gifs_animes_avec_Gimp.mp4\"><\/video><\/figure>\n\n\n\n<div style=\"height:40px\" aria-hidden=\"true\" class=\"wp-block-spacer\"><\/div>\n\n\n\n<p class=\"has-large-font-size\">Vid\u00e9o &#8211; Exemple Alpha vers Logo<\/p>\n\n\n\n<figure class=\"wp-block-video\"><video height=\"720\" style=\"aspect-ratio: 1280 \/ 720;\" width=\"1280\" controls src=\"http:\/\/88.136.157.51:8080\/wp-content\/uploads\/2024\/04\/Alpha-vers-Logo.mp4\"><\/video><\/figure>\n","protected":false},"excerpt":{"rendered":"<p>Nos articles concernant Gimp Le logiciel GIMP, acronyme de GNU Image Manipulation Program, est un \u00e9diteur d\u2019images libre et gratuit. Il est souvent consid\u00e9r\u00e9 comme une alternative \u00e0 Adobe Photoshop en raison de ses nombreuses fonctionnalit\u00e9s similaires. Gimp est disponible pour les syst\u00e8mes d\u2019exploitation GNU\/Linux, macOS et Windows. Pour installer Alpha vers Logos dans Gimp [&hellip;]<\/p>\n","protected":false},"author":1,"featured_media":0,"parent":0,"menu_order":0,"comment_status":"closed","ping_status":"closed","template":"","meta":{"_bbp_topic_count":0,"_bbp_reply_count":0,"_bbp_total_topic_count":0,"_bbp_total_reply_count":0,"_bbp_voice_count":0,"_bbp_anonymous_reply_count":0,"_bbp_topic_count_hidden":0,"_bbp_reply_count_hidden":0,"_bbp_forum_subforum_count":0,"site-sidebar-layout":"default","site-content-layout":"","ast-site-content-layout":"","site-content-style":"default","site-sidebar-style":"default","ast-global-header-display":"","ast-banner-title-visibility":"","ast-main-header-display":"","ast-hfb-above-header-display":"","ast-hfb-below-header-display":"","ast-hfb-mobile-header-display":"","site-post-title":"","ast-breadcrumbs-content":"","ast-featured-img":"","footer-sml-layout":"","theme-transparent-header-meta":"","adv-header-id-meta":"","stick-header-meta":"","header-above-stick-meta":"","header-main-stick-meta":"","header-below-stick-meta":"","astra-migrate-meta-layouts":"default","ast-page-background-enabled":"default","ast-page-background-meta":{"desktop":{"background-color":"var(--ast-global-color-4)","background-image":"","background-repeat":"repeat","background-position":"center center","background-size":"auto","background-attachment":"scroll","background-type":"","background-media":"","overlay-type":"","overlay-color":"","overlay-opacity":"","overlay-gradient":""},"tablet":{"background-color":"","background-image":"","background-repeat":"repeat","background-position":"center center","background-size":"auto","background-attachment":"scroll","background-type":"","background-media":"","overlay-type":"","overlay-color":"","overlay-opacity":"","overlay-gradient":""},"mobile":{"background-color":"","background-image":"","background-repeat":"repeat","background-position":"center center","background-size":"auto","background-attachment":"scroll","background-type":"","background-media":"","overlay-type":"","overlay-color":"","overlay-opacity":"","overlay-gradient":""}},"ast-content-background-meta":{"desktop":{"background-color":"var(--ast-global-color-5)","background-image":"","background-repeat":"repeat","background-position":"center center","background-size":"auto","background-attachment":"scroll","background-type":"","background-media":"","overlay-type":"","overlay-color":"","overlay-opacity":"","overlay-gradient":""},"tablet":{"background-color":"var(--ast-global-color-5)","background-image":"","background-repeat":"repeat","background-position":"center center","background-size":"auto","background-attachment":"scroll","background-type":"","background-media":"","overlay-type":"","overlay-color":"","overlay-opacity":"","overlay-gradient":""},"mobile":{"background-color":"var(--ast-global-color-5)","background-image":"","background-repeat":"repeat","background-position":"center center","background-size":"auto","background-attachment":"scroll","background-type":"","background-media":"","overlay-type":"","overlay-color":"","overlay-opacity":"","overlay-gradient":""}},"footnotes":""},"class_list":["post-848","page","type-page","status-publish","hentry"],"_links":{"self":[{"href":"http:\/\/88.136.157.51:8080\/index.php\/wp-json\/wp\/v2\/pages\/848","targetHints":{"allow":["GET"]}}],"collection":[{"href":"http:\/\/88.136.157.51:8080\/index.php\/wp-json\/wp\/v2\/pages"}],"about":[{"href":"http:\/\/88.136.157.51:8080\/index.php\/wp-json\/wp\/v2\/types\/page"}],"author":[{"embeddable":true,"href":"http:\/\/88.136.157.51:8080\/index.php\/wp-json\/wp\/v2\/users\/1"}],"replies":[{"embeddable":true,"href":"http:\/\/88.136.157.51:8080\/index.php\/wp-json\/wp\/v2\/comments?post=848"}],"version-history":[{"count":20,"href":"http:\/\/88.136.157.51:8080\/index.php\/wp-json\/wp\/v2\/pages\/848\/revisions"}],"predecessor-version":[{"id":947,"href":"http:\/\/88.136.157.51:8080\/index.php\/wp-json\/wp\/v2\/pages\/848\/revisions\/947"}],"wp:attachment":[{"href":"http:\/\/88.136.157.51:8080\/index.php\/wp-json\/wp\/v2\/media?parent=848"}],"curies":[{"name":"wp","href":"https:\/\/api.w.org\/{rel}","templated":true}]}}